{"id":636,"date":"2021-06-07T21:32:03","date_gmt":"2021-06-07T19:32:03","guid":{"rendered":"http:\/\/spec4u.pl\/?page_id=636"},"modified":"2026-02-22T22:29:17","modified_gmt":"2026-02-22T21:29:17","slug":"cennik","status":"publish","type":"page","link":"http:\/\/spec4u.pl\/index.php\/cennik\/","title":{"rendered":"Cennik"},"content":{"rendered":"\t\t<div data-elementor-type=\"wp-page\" data-elementor-id=\"636\" class=\"elementor elementor-636\">\n\t\t\t\t\t\t\t\t\t<section class=\"elementor-section elementor-top-section elementor-element elementor-element-15e51a3 elementor-section-boxed elementor-section-height-default elementor-section-height-default\" data-id=\"15e51a3\" data-element_type=\"section\">\n\t\t\t\t\t\t<div class=\"elementor-container elementor-column-gap-default\">\n\t\t\t\t\t<div class=\"elementor-column elementor-col-100 elementor-top-column elementor-element elementor-element-333570b\" data-id=\"333570b\" data-element_type=\"column\">\n\t\t\t<div class=\"elementor-widget-wrap elementor-element-populated\">\n\t\t\t\t\t\t\t\t<section class=\"elementor-section elementor-inner-section elementor-element elementor-element-0e884e5 elementor-section-boxed elementor-section-height-default elementor-section-height-default\" data-id=\"0e884e5\" data-element_type=\"section\">\n\t\t\t\t\t\t<div class=\"elementor-container elementor-column-gap-default\">\n\t\t\t\t\t<div class=\"elementor-column elementor-col-100 elementor-inner-column elementor-element elementor-element-2d32762\" data-id=\"2d32762\" data-element_type=\"column\">\n\t\t\t<div class=\"elementor-widget-wrap elementor-element-populated\">\n\t\t\t\t\t\t\t\t<div class=\"elementor-element elementor-element-10d39e1 elementor-widget elementor-widget-text-editor\" data-id=\"10d39e1\" data-element_type=\"widget\" data-widget_type=\"text-editor.default\">\n\t\t\t\t<div class=\"elementor-widget-container\">\n\t\t\t\t\t\t\t<p><b>CENNIK<\/b><\/p>\n<p style=\"margin-right: 0px; margin-bottom: 0px; margin-left: 0px; font-variant-numeric: normal; font-variant-east-asian: normal; font-variant-alternates: normal; font-size-adjust: none; font-language-override: normal; font-kerning: auto; font-optical-sizing: auto; font-feature-settings: normal; font-variation-settings: normal; font-variant-position: normal; font-variant-emoji: normal; font-stretch: normal; font-size: 15px; line-height: normal; font-family: Helvetica;\"><b>Mycie okien (do wysoko\u015bci 5m): <\/b>10 z\u0142 \/ m\u00b2<\/p><p style=\"margin-right: 0px; margin-bottom: 0px; margin-left: 0px; font-variant-numeric: normal; font-variant-east-asian: normal; font-variant-alternates: normal; font-size-adjust: none; font-language-override: normal; font-kerning: auto; font-optical-sizing: auto; font-feature-settings: normal; font-variation-settings: normal; font-variant-position: normal; font-variant-emoji: normal; font-stretch: normal; font-size: 15px; line-height: normal; font-family: Helvetica;\"><b><br><\/b><\/p><p style=\"margin-right: 0px; margin-bottom: 0px; margin-left: 0px; font-variant-numeric: normal; font-variant-east-asian: normal; font-variant-alternates: normal; font-size-adjust: none; font-language-override: normal; font-kerning: auto; font-optical-sizing: auto; font-feature-settings: normal; font-variation-settings: normal; font-variant-position: normal; font-variant-emoji: normal; font-stretch: normal; font-size: 15px; line-height: normal; font-family: Helvetica;\"><b>Mycie okien (do wysoko\u015bci 15m):<\/b>13 z\u0142 \/ m\u00b2<\/p><p style=\"margin-right: 0px; margin-bottom: 0px; margin-left: 0px; font-variant-numeric: normal; font-variant-east-asian: normal; font-variant-alternates: normal; font-size-adjust: none; font-language-override: normal; font-kerning: auto; font-optical-sizing: auto; font-feature-settings: normal; font-variation-settings: normal; font-variant-position: normal; font-variant-emoji: normal; font-stretch: normal; font-size: 15px; line-height: normal; font-family: Helvetica;\"><b><br><\/b><\/p><p style=\"margin-right: 0px; margin-bottom: 0px; margin-left: 0px; font-variant-numeric: normal; font-variant-east-asian: normal; font-variant-alternates: normal; font-size-adjust: none; font-language-override: normal; font-kerning: auto; font-optical-sizing: auto; font-feature-settings: normal; font-variation-settings: normal; font-variant-position: normal; font-variant-emoji: normal; font-stretch: normal; font-size: 15px; line-height: normal; font-family: Helvetica;\"><b>Mycie \u017caluzji , rolet (do wysoko\u015bci 15m): <\/b>12 z\u0142 \/ m\u00b2<\/p><p style=\"margin-right: 0px; margin-bottom: 0px; margin-left: 0px; font-variant-numeric: normal; font-variant-east-asian: normal; font-variant-alternates: normal; font-size-adjust: none; font-language-override: normal; font-kerning: auto; font-optical-sizing: auto; font-feature-settings: normal; font-variation-settings: normal; font-variant-position: normal; font-variant-emoji: normal; font-stretch: normal; font-size: 15px; line-height: normal; font-family: Helvetica;\"><b><br><\/b><\/p><p style=\"margin-right: 0px; margin-bottom: 0px; margin-left: 0px; font-variant-numeric: normal; font-variant-east-asian: normal; font-variant-alternates: normal; font-size-adjust: none; font-language-override: normal; font-kerning: auto; font-optical-sizing: auto; font-feature-settings: normal; font-variation-settings: normal; font-variant-position: normal; font-variant-emoji: normal; font-stretch: normal; font-size: 15px; line-height: normal; font-family: Helvetica;\"><b>Mycie \u017caluzji , rolet (do wysoko\u015bci 15m): <\/b>15 z\u0142 \/ m\u00b2<\/p><p style=\"margin-right: 0px; margin-bottom: 0px; margin-left: 0px; font-variant-numeric: normal; font-variant-east-asian: normal; font-variant-alternates: normal; font-size-adjust: none; font-language-override: normal; font-kerning: auto; font-optical-sizing: auto; font-feature-settings: normal; font-variation-settings: normal; font-variant-position: normal; font-variant-emoji: normal; font-stretch: normal; font-size: 15px; line-height: normal; font-family: Helvetica;\"><b><br><\/b><\/p><p style=\"margin-right: 0px; margin-bottom: 0px; margin-left: 0px; font-variant-numeric: normal; font-variant-east-asian: normal; font-variant-alternates: normal; font-size-adjust: none; font-language-override: normal; font-kerning: auto; font-optical-sizing: auto; font-feature-settings: normal; font-variation-settings: normal; font-variant-position: normal; font-variant-emoji: normal; font-stretch: normal; font-size: 15px; line-height: normal; font-family: Helvetica;\"><b>Mycie fasad (do wysoko\u015bci 15m): <\/b>od 10 z\u0142 \/ m\u00b2<\/p><p style=\"margin-right: 0px; margin-bottom: 0px; margin-left: 0px; font-variant-numeric: normal; font-variant-east-asian: normal; font-variant-alternates: normal; font-size-adjust: none; font-language-override: normal; font-kerning: auto; font-optical-sizing: auto; font-feature-settings: normal; font-variation-settings: normal; font-variant-position: normal; font-variant-emoji: normal; font-stretch: normal; font-size: 15px; line-height: normal; font-family: Helvetica;\"><b><br><\/b><\/p><p style=\"margin-right: 0px; margin-bottom: 0px; margin-left: 0px; font-variant-numeric: normal; font-variant-east-asian: normal; font-variant-alternates: normal; font-size-adjust: none; font-language-override: normal; font-kerning: auto; font-optical-sizing: auto; font-feature-settings: normal; font-variation-settings: normal; font-variant-position: normal; font-variant-emoji: normal; font-stretch: normal; font-size: 15px; line-height: normal; font-family: Helvetica;\"><b>Mycie paneli fotowoltaicznych \u2013 od<\/b><b><i> <\/i><\/b>25 z\u0142 \u2013 29 z\u0142 1 szt<\/p><p style=\"margin-right: 0px; margin-bottom: 0px; margin-left: 0px; font-variant-numeric: normal; font-variant-east-asian: normal; font-variant-alternates: normal; font-size-adjust: none; font-language-override: normal; font-kerning: auto; font-optical-sizing: auto; font-feature-settings: normal; font-variation-settings: normal; font-variant-position: normal; font-variant-emoji: normal; font-stretch: normal; font-size: 15px; line-height: normal; font-family: Helvetica;\"><b><br><\/b><\/p><p style=\"margin-right: 0px; margin-bottom: 0px; margin-left: 0px; font-variant-numeric: normal; font-variant-east-asian: normal; font-variant-alternates: normal; font-size-adjust: none; font-language-override: normal; font-kerning: auto; font-optical-sizing: auto; font-feature-settings: normal; font-variation-settings: normal; font-variant-position: normal; font-variant-emoji: normal; font-stretch: normal; font-size: 15px; line-height: normal; font-family: Helvetica;\"><b>Mycie dachu &#8211; od <\/b>15 z\u0142 \/ m\u00b2<\/p><p style=\"margin-right: 0px; margin-bottom: 0px; margin-left: 0px; font-variant-numeric: normal; font-variant-east-asian: normal; font-variant-alternates: normal; font-size-adjust: none; font-language-override: normal; font-kerning: auto; font-optical-sizing: auto; font-feature-settings: normal; font-variation-settings: normal; font-variant-position: normal; font-variant-emoji: normal; font-stretch: normal; font-size: 15px; line-height: normal; font-family: Helvetica;\">blachodach\u00f3wka od 17 z\u0142 \/ m\u00b2<\/p><p style=\"margin-right: 0px; margin-bottom: 0px; margin-left: 0px; font-variant-numeric: normal; font-variant-east-asian: normal; font-variant-alternates: normal; font-size-adjust: none; font-language-override: normal; font-kerning: auto; font-optical-sizing: auto; font-feature-settings: normal; font-variation-settings: normal; font-variant-position: normal; font-variant-emoji: normal; font-stretch: normal; font-size: 15px; line-height: normal; font-family: Helvetica;\">gonty i dach\u00f3wka ceramiczna od 19 z\u0142 \/ m\u00b2<\/p><p style=\"margin-right: 0px; margin-bottom: 0px; margin-left: 0px; font-variant-numeric: normal; font-variant-east-asian: normal; font-variant-alternates: normal; font-size-adjust: none; font-language-override: normal; font-kerning: auto; font-optical-sizing: auto; font-feature-settings: normal; font-variation-settings: normal; font-variant-position: normal; font-variant-emoji: normal; font-stretch: normal; font-size: 15px; line-height: normal; font-family: Helvetica;\">dach\u00f3wka betonowa od 19 z\u0142 \/ m\u00b2<\/p><p style=\"margin-right: 0px; margin-bottom: 0px; margin-left: 0px; font-variant-numeric: normal; font-variant-east-asian: normal; font-variant-alternates: normal; font-size-adjust: none; font-language-override: normal; font-kerning: auto; font-optical-sizing: auto; font-feature-settings: normal; font-variation-settings: normal; font-variant-position: normal; font-variant-emoji: normal; font-stretch: normal; font-size: 15px; line-height: normal; font-family: Helvetica;\"><b>Impregnacja dachu :<span>&nbsp; <\/span><\/b>od 8 z\u0142 \/ m\u00b2<\/p><p style=\"margin-right: 0px; margin-bottom: 0px; margin-left: 0px; font-variant-numeric: normal; font-variant-east-asian: normal; font-variant-alternates: normal; font-size-adjust: none; font-language-override: normal; font-kerning: auto; font-optical-sizing: auto; font-feature-settings: normal; font-variation-settings: normal; font-variant-position: normal; font-variant-emoji: normal; font-stretch: normal; font-size: 15px; line-height: normal; font-family: Helvetica;\"><b><br><\/b><\/p><p style=\"margin-right: 0px; margin-bottom: 0px; margin-left: 0px; font-variant-numeric: normal; font-variant-east-asian: normal; font-variant-alternates: normal; font-size-adjust: none; font-language-override: normal; font-kerning: auto; font-optical-sizing: auto; font-feature-settings: normal; font-variation-settings: normal; font-variant-position: normal; font-variant-emoji: normal; font-stretch: normal; font-size: 15px; line-height: normal; font-family: Helvetica;\"><b>Mycie kostki brukowej:<\/b><\/p><p style=\"margin-right: 0px; margin-bottom: 0px; margin-left: 0px; font-variant-numeric: normal; font-variant-east-asian: normal; font-variant-alternates: normal; font-size-adjust: none; font-language-override: normal; font-kerning: auto; font-optical-sizing: auto; font-feature-settings: normal; font-variation-settings: normal; font-variant-position: normal; font-variant-emoji: normal; font-stretch: normal; font-size: 15px; line-height: normal; font-family: Helvetica;\">do 50 m\u00b2 \u2013 13 z\u0142\/m\u00b2<\/p><p style=\"margin-right: 0px; margin-bottom: 0px; margin-left: 0px; font-variant-numeric: normal; font-variant-east-asian: normal; font-variant-alternates: normal; font-size-adjust: none; font-language-override: normal; font-kerning: auto; font-optical-sizing: auto; font-feature-settings: normal; font-variation-settings: normal; font-variant-position: normal; font-variant-emoji: normal; font-stretch: normal; font-size: 15px; line-height: normal; font-family: Helvetica;\">od 50 m\u00b2 do 200 m\u00b2 \u2013 12 z\u0142\/m\u00b2<\/p><p style=\"margin-right: 0px; margin-bottom: 0px; margin-left: 0px; font-variant-numeric: normal; font-variant-east-asian: normal; font-variant-alternates: normal; font-size-adjust: none; font-language-override: normal; font-kerning: auto; font-optical-sizing: auto; font-feature-settings: normal; font-variation-settings: normal; font-variant-position: normal; font-variant-emoji: normal; font-stretch: normal; font-size: 15px; line-height: normal; font-family: Helvetica;\">od 200 m\u00b2 \u2013 wycena indywidualna<\/p><p style=\"margin-right: 0px; margin-bottom: 0px; margin-left: 0px; font-variant-numeric: normal; font-variant-east-asian: normal; font-variant-alternates: normal; font-size-adjust: none; font-language-override: normal; font-kerning: auto; font-optical-sizing: auto; font-feature-settings: normal; font-variation-settings: normal; font-variant-position: normal; font-variant-emoji: normal; font-stretch: normal; font-size: 15px; line-height: normal; font-family: Helvetica;\"><b>Impregnacja:<\/b><\/p><p style=\"margin-right: 0px; margin-bottom: 0px; margin-left: 0px; font-variant-numeric: normal; font-variant-east-asian: normal; font-variant-alternates: normal; font-size-adjust: none; font-language-override: normal; font-kerning: auto; font-optical-sizing: auto; font-feature-settings: normal; font-variation-settings: normal; font-variant-position: normal; font-variant-emoji: normal; font-stretch: normal; font-size: 15px; line-height: normal; font-family: Helvetica;\">do 50 m\u00b2 \u2013 13 z\u0142\/m\u00b2<\/p><p style=\"margin-right: 0px; margin-bottom: 0px; margin-left: 0px; font-variant-numeric: normal; font-variant-east-asian: normal; font-variant-alternates: normal; font-size-adjust: none; font-language-override: normal; font-kerning: auto; font-optical-sizing: auto; font-feature-settings: normal; font-variation-settings: normal; font-variant-position: normal; font-variant-emoji: normal; font-stretch: normal; font-size: 15px; line-height: normal; font-family: Helvetica;\">od 50 m\u00b2 do 200 m\u00b2 \u2013 12 z\u0142\/m\u00b2<\/p><p style=\"margin-right: 0px; margin-bottom: 0px; margin-left: 0px; font-variant-numeric: normal; font-variant-east-asian: normal; font-variant-alternates: normal; font-size-adjust: none; font-language-override: normal; font-kerning: auto; font-optical-sizing: auto; font-feature-settings: normal; font-variation-settings: normal; font-variant-position: normal; font-variant-emoji: normal; font-stretch: normal; font-size: 15px; line-height: normal; font-family: Helvetica;\"><b><br><\/b><\/p><p style=\"margin-right: 0px; margin-bottom: 0px; margin-left: 0px; font-variant-numeric: normal; font-variant-east-asian: normal; font-variant-alternates: normal; font-size-adjust: none; font-language-override: normal; font-kerning: auto; font-optical-sizing: auto; font-feature-settings: normal; font-variation-settings: normal; font-variant-position: normal; font-variant-emoji: normal; font-stretch: normal; font-size: 15px; line-height: normal; font-family: Helvetica;\"><b>Spoinowanie kostki piaskiem kwarcowym <\/b>od 7 z\u0142 \/ m\u00b2<\/p><p style=\"margin-right: 0px; margin-bottom: 0px; margin-left: 0px; font-variant-numeric: normal; font-variant-east-asian: normal; font-variant-alternates: normal; font-size-adjust: none; font-language-override: normal; font-kerning: auto; font-optical-sizing: auto; font-feature-settings: normal; font-variation-settings: normal; font-variant-position: normal; font-variant-emoji: normal; font-stretch: normal; font-size: 15px; line-height: normal; font-family: Helvetica;\"><b><br><\/b><\/p><p style=\"margin-right: 0px; margin-bottom: 0px; margin-left: 0px; font-variant-numeric: normal; font-variant-east-asian: normal; font-variant-alternates: normal; font-size-adjust: none; font-language-override: normal; font-kerning: auto; font-optical-sizing: auto; font-feature-settings: normal; font-variation-settings: normal; font-variant-position: normal; font-variant-emoji: normal; font-stretch: normal; font-size: 15px; line-height: normal; font-family: Helvetica;\"><b>Mycie elewacji do wysoko\u015bci 10m : <\/b>do 100 m\u00b2 \u2013 15 z\u0142\/m\u00b2<\/p><p style=\"margin-right: 0px; margin-bottom: 0px; margin-left: 0px; font-variant-numeric: normal; font-variant-east-asian: normal; font-variant-alternates: normal; font-size-adjust: none; font-language-override: normal; font-kerning: auto; font-optical-sizing: auto; font-feature-settings: normal; font-variation-settings: normal; font-variant-position: normal; font-variant-emoji: normal; font-stretch: normal; font-size: 15px; line-height: normal; font-family: Helvetica;\">od 100 m\u00b2 do 200 m\u00b2 \u2013 14 z\u0142\/m\u00b2<\/p><p style=\"margin-right: 0px; margin-bottom: 0px; margin-left: 0px; font-variant-numeric: normal; font-variant-east-asian: normal; font-variant-alternates: normal; font-size-adjust: none; font-language-override: normal; font-kerning: auto; font-optical-sizing: auto; font-feature-settings: normal; font-variation-settings: normal; font-variant-position: normal; font-variant-emoji: normal; font-stretch: normal; font-size: 15px; line-height: normal; font-family: Helvetica;\">od 200 m\u00b2 \u2013 wycena indywidualna<\/p><p style=\"margin-right: 0px; margin-bottom: 0px; margin-left: 0px; font-variant-numeric: normal; font-variant-east-asian: normal; font-variant-alternates: normal; font-size-adjust: none; font-language-override: normal; font-kerning: auto; font-optical-sizing: auto; font-feature-settings: normal; font-variation-settings: normal; font-variant-position: normal; font-variant-emoji: normal; font-stretch: normal; font-size: 15px; line-height: normal; font-family: Helvetica;\"><b><br><\/b><\/p><p style=\"margin-right: 0px; margin-bottom: 0px; margin-left: 0px; font-variant-numeric: normal; font-variant-east-asian: normal; font-variant-alternates: normal; font-size-adjust: none; font-language-override: normal; font-kerning: auto; font-optical-sizing: auto; font-feature-settings: normal; font-variation-settings: normal; font-variant-position: normal; font-variant-emoji: normal; font-stretch: normal; font-size: 15px; line-height: normal; font-family: Helvetica;\"><b>Odkurzanie rynien do wysoko\u015bci 12 m:<\/b><\/p><p style=\"margin-right: 0px; margin-bottom: 0px; margin-left: 0px; font-variant-numeric: normal; font-variant-east-asian: normal; font-variant-alternates: normal; font-size-adjust: none; font-language-override: normal; font-kerning: auto; font-optical-sizing: auto; font-feature-settings: normal; font-variation-settings: normal; font-variant-position: normal; font-variant-emoji: normal; font-stretch: normal; font-size: 15px; line-height: normal; font-family: Helvetica;\">d\u0142ugo\u015b\u0107 rynny do 40 mb \u2013 14 z\u0142\/mb<\/p><p style=\"margin-right: 0px; margin-bottom: 0px; margin-left: 0px; font-variant-numeric: normal; font-variant-east-asian: normal; font-variant-alternates: normal; font-size-adjust: none; font-language-override: normal; font-kerning: auto; font-optical-sizing: auto; font-feature-settings: normal; font-variation-settings: normal; font-variant-position: normal; font-variant-emoji: normal; font-stretch: normal; font-size: 15px; line-height: normal; font-family: Helvetica;\">d\u0142ugo\u015b\u0107 rynny od 40 mb do 99 mb \u2013 12 z\u0142\/mb<\/p><p style=\"margin-right: 0px; margin-bottom: 0px; margin-left: 0px; font-variant-numeric: normal; font-variant-east-asian: normal; font-variant-alternates: normal; font-size-adjust: none; font-language-override: normal; font-kerning: auto; font-optical-sizing: auto; font-feature-settings: normal; font-variation-settings: normal; font-variant-position: normal; font-variant-emoji: normal; font-stretch: normal; font-size: 15px; line-height: normal; font-family: Helvetica;\">d\u0142ugo\u015b\u0107 rynny od 100 mb do 149 mb \u2013 10 z\u0142\/mb<\/p><p style=\"margin-right: 0px; margin-bottom: 0px; margin-left: 0px; font-variant-numeric: normal; font-variant-east-asian: normal; font-variant-alternates: normal; font-size-adjust: none; font-language-override: normal; font-kerning: auto; font-optical-sizing: auto; font-feature-settings: normal; font-variation-settings: normal; font-variant-position: normal; font-variant-emoji: normal; font-stretch: normal; font-size: 15px; line-height: normal; font-family: Helvetica;\">d\u0142ugo\u015b\u0107 rynny od 150 mb \u2013 wycena indywidualna<\/p><p style=\"margin-right: 0px; margin-bottom: 0px; margin-left: 0px; font-variant-numeric: normal; font-variant-east-asian: normal; font-variant-alternates: normal; font-size-adjust: none; font-language-override: normal; font-kerning: auto; font-optical-sizing: auto; font-feature-settings: normal; font-variation-settings: normal; font-variant-position: normal; font-variant-emoji: normal; font-stretch: normal; font-size: 15px; line-height: normal; font-family: Helvetica;\">czyszczenie osadnik\u00f3w \u2013 55 z\u0142<\/p><p style=\"margin-right: 0px; margin-bottom: 0px; margin-left: 0px; font-variant-numeric: normal; font-variant-east-asian: normal; font-variant-alternates: normal; font-size-adjust: none; font-language-override: normal; font-kerning: auto; font-optical-sizing: auto; font-feature-settings: normal; font-variation-settings: normal; font-variant-position: normal; font-variant-emoji: normal; font-stretch: normal; font-size: 15px; line-height: normal; font-family: Helvetica;\">czyszczenie rur spustowych \u2013 od 13 z\u0142\/mb, umycie rynien po odkurzaniu \u2013 od 15 z\u0142<\/p><p style=\"margin-right: 0px; margin-bottom: 0px; margin-left: 0px; font-variant-numeric: normal; font-variant-east-asian: normal; font-variant-alternates: normal; font-size-adjust: none; font-language-override: normal; font-kerning: auto; font-optical-sizing: auto; font-feature-settings: normal; font-variation-settings: normal; font-variant-position: normal; font-variant-emoji: normal; font-stretch: normal; font-size: 15px; line-height: normal; font-family: Helvetica;\"><b><br><\/b><\/p><p style=\"margin-right: 0px; margin-bottom: 0px; margin-left: 0px; font-variant-numeric: normal; font-variant-east-asian: normal; font-variant-alternates: normal; font-size-adjust: none; font-language-override: normal; font-kerning: auto; font-optical-sizing: auto; font-feature-settings: normal; font-variation-settings: normal; font-variant-position: normal; font-variant-emoji: normal; font-stretch: normal; font-size: 15px; line-height: normal; font-family: Helvetica;\"><b>Cena odkurzania do wysoko\u015bci 12 m <\/b>\u2013 uzgadniana indywidualnie.<\/p>\n<p><b><br><\/b><\/p>\n<p><b style=\"font-size: 1rem;\">Cena naszych us\u0142ug zale\u017cy od wielko\u015bci powierzchni, stopnia skomplikowania wykonania us\u0142ugi oraz innych czynnik\u00f3w maj\u0105cych wp\u0142yw na wycen\u0119. W ka\u017cdym przypadku prosimy o kontakt telefoniczny lub mailowy w celu przygotowania indywidualnej oferty. Przy du\u017cych powierzchniach i dla sta\u0142ych klient\u00f3w \u2013 atrakcyjne rabaty. Podana oferta ma charakter informacyjny! Podane ceny s\u0105 cenami netto.<\/b><\/p>\n<p><b>Minimalna kwota zlecenia \u2013<i> 400&nbsp;<\/i><\/b>z\u0142<\/p>\t\t\t\t\t\t<\/div>\n\t\t\t\t<\/div>\n\t\t\t\t\t<\/div>\n\t\t<\/div>\n\t\t\t\t\t\t\t<\/div>\n\t\t<\/section>\n\t\t\t\t\t<\/div>\n\t\t<\/div>\n\t\t\t\t\t\t\t<\/div>\n\t\t<\/section>\n\t\t\t\t\t\t\t<\/div>\n\t\t","protected":false},"excerpt":{"rendered":"<p>CENNIK Mycie okien (do wysoko\u015bci 5m): 10 z\u0142 \/ m\u00b2 Mycie okien (do wysoko\u015bci 15m):13 z\u0142 \/ m\u00b2 Mycie \u017caluzji , rolet (do wysoko\u015bci 15m): 12 z\u0142 \/ m\u00b2 Mycie \u017caluzji , rolet (do wysoko\u015bci 15m): 15 z\u0142 \/ m\u00b2 Mycie fasad (do wysoko\u015bci 15m): od 10 z\u0142 \/ m\u00b2 Mycie paneli fotowoltaicznych \u2013 od [&hellip;]<\/p>\n","protected":false},"author":1,"featured_media":0,"parent":0,"menu_order":0,"comment_status":"closed","ping_status":"closed","template":"","meta":{"footnotes":""},"class_list":["post-636","page","type-page","status-publish","hentry"],"_links":{"self":[{"href":"http:\/\/spec4u.pl\/index.php\/wp-json\/wp\/v2\/pages\/636","targetHints":{"allow":["GET"]}}],"collection":[{"href":"http:\/\/spec4u.pl\/index.php\/wp-json\/wp\/v2\/pages"}],"about":[{"href":"http:\/\/spec4u.pl\/index.php\/wp-json\/wp\/v2\/types\/page"}],"author":[{"embeddable":true,"href":"http:\/\/spec4u.pl\/index.php\/wp-json\/wp\/v2\/users\/1"}],"replies":[{"embeddable":true,"href":"http:\/\/spec4u.pl\/index.php\/wp-json\/wp\/v2\/comments?post=636"}],"version-history":[{"count":71,"href":"http:\/\/spec4u.pl\/index.php\/wp-json\/wp\/v2\/pages\/636\/revisions"}],"predecessor-version":[{"id":2220,"href":"http:\/\/spec4u.pl\/index.php\/wp-json\/wp\/v2\/pages\/636\/revisions\/2220"}],"wp:attachment":[{"href":"http:\/\/spec4u.pl\/index.php\/wp-json\/wp\/v2\/media?parent=636"}],"curies":[{"name":"wp","href":"https:\/\/api.w.org\/{rel}","templated":true}]}}