{"id":89,"date":"2021-05-02T14:14:23","date_gmt":"2021-05-02T12:14:23","guid":{"rendered":"http:\/\/spec4u.pl\/?page_id=89"},"modified":"2025-05-20T06:47:00","modified_gmt":"2025-05-20T04:47:00","slug":"oferta","status":"publish","type":"page","link":"http:\/\/spec4u.pl\/index.php\/oferta\/","title":{"rendered":"Us\u0142ugi"},"content":{"rendered":"\t\t<div data-elementor-type=\"wp-page\" data-elementor-id=\"89\" class=\"elementor elementor-89\">\n\t\t\t\t\t\t\t\t\t<section class=\"elementor-section elementor-top-section elementor-element elementor-element-58e02b8d elementor-section-boxed elementor-section-height-default elementor-section-height-default\" data-id=\"58e02b8d\" data-element_type=\"section\">\n\t\t\t\t\t\t<div class=\"elementor-container elementor-column-gap-default\">\n\t\t\t\t\t<div class=\"elementor-column elementor-col-100 elementor-top-column elementor-element elementor-element-dc84e7b\" data-id=\"dc84e7b\" data-element_type=\"column\">\n\t\t\t<div class=\"elementor-widget-wrap elementor-element-populated\">\n\t\t\t\t\t\t\t\t<div class=\"elementor-element elementor-element-1c512c83 elementor-widget elementor-widget-text-editor\" data-id=\"1c512c83\" data-element_type=\"widget\" data-widget_type=\"text-editor.default\">\n\t\t\t\t<div class=\"elementor-widget-container\">\n\t\t\t\t\t\t\t<p style=\"padding-left: 40px;\">Poznaj nasz\u0105 ofert\u0119<\/p>\n<p style=\"padding-left: 40px;\"><a href=\"#\"><img decoding=\"async\" class=\"alignnone size-thumbnail wp-image-1879\" src=\"http:\/\/spec4u.pl\/wp-content\/uploads\/2024\/10\/IMG_9551-150x150.jpg\" alt=\"\" width=\"150\" height=\"150\" \/><\/a><\/p>\n<p class=\"p1\" style=\"padding-left: 40px;\"><span class=\"s1\"><a href=\"https:\/\/spec4u.pl\/index.php\/Cennik\/\">Mycie wod\u0105 demineralizowan\u0105<\/a><\/span><span class=\"s2\">.<\/span>Krystalicznie czyste okna bez smug i zarysowa\u0144.<\/p>\n<p class=\"p1\" style=\"padding-left: 40px;\">Dzi\u0119ki zastosowaniu wody demineralizowanej twoje okna b\u0119d\u0105 czyste i b\u0142yszcz\u0105ce d\u0142u\u017cej ni\u017c po standardowym czyszczeniu. Woda demineralizowana jest pozbawiona wszelkich minera\u0142\u00f3w dzi\u0119ki czemu b\u0142yskawicznie schnie nie pozostawiaj\u0105c smug i osad\u00f3w.Zastosowanie teleskopowych rur z w\u0142\u00f3kna w\u0119glowego pozwala skutecznie czy\u015bcic powierzchnie do 15 m wysoko\u015bci bez dodatkowych przewy\u017csze\u0144.<\/p>\n<p class=\"p1\" style=\"padding-left: 40px;\">G\u0142\u00f3wne zalety u\u017cycia wody demineralizowanej to:<\/p>\n<p class=\"p1\" style=\"padding-left: 40px;\">Perfekcyjne rezultaty: Woda demineralizuj\u0105ca gwarantuje nieskazitelnie czyste okna bez dodatkowego polerowania.<\/p>\n<p class=\"p1\" style=\"padding-left: 40px;\">Oszcz\u0119dno\u015b\u0107 czasu i pracy: Proces mycia jest szybki i efektywny, co pozwala na zaoszcz\u0119dzenie czasu.<\/p>\n<p class=\"p1\" style=\"padding-left: 40px;\">Ochrona powierzchni i ekologia: Brak \u015brodk\u00f3w chemicznych oznacza mniejsze ryzyko uszkodze\u0144 powierzchni szklanych i ram okiennych.<\/p>\n<p class=\"p1\" style=\"padding-left: 40px;\">Idealne rozwi\u0105zanie do wszelkich powierzchni szklanych w tym paneli fotowoltaicznych.<\/p>\n<p class=\"p1\" style=\"padding-left: 40px;\">Tylko czyste panele fotowoltaiczne gwarantuj\u0105 efektywn\u0105 prac\u0119.<\/p>\n<p class=\"p1\" style=\"padding-left: 40px;\">Us\u0142uga mycia powierzchni szklanych wod\u0105 demineralizuj\u0105c\u0105 jest idealna zar\u00f3wno dla klient\u00f3w indywidualnych, jak i firm, szczeg\u00f3lnie w przypadku:<\/p>\n<ul>\n<li style=\"list-style-type: none;\">\n<ul>\n<li style=\"list-style-type: none;\">\n<ul class=\"ul1\">\n<li class=\"li1\"><span class=\"s1\">Budynk\u00f3w biurowych<\/span><\/li>\n<li class=\"li1\"><span class=\"s1\">Obiekt\u00f3w handlowych, witryn <\/span><\/li>\n<li class=\"li1\"><span class=\"s1\">Dom\u00f3w i mieszka\u0144<\/span><\/li>\n<li class=\"li1\"><span class=\"s1\">Budynk\u00f3w u\u017cyteczno\u015bci publicznej<\/span><\/li>\n<\/ul>\n<\/li>\n<\/ul>\n<\/li>\n<\/ul>\n<p class=\"p1\" style=\"padding-left: 40px;\">Wybieraj\u0105c nasz\u0105 ofert\u0119, inwestujesz w czysto\u015b\u0107 i estetyk\u0119 swojego otoczenia przy jednoczesnym dbaniu o \u015brodowisko.<\/p>\n<p style=\"padding-left: 40px;\"><a href=\"#\"><img decoding=\"async\" src=\"http:\/\/spec4u.pl\/wp-content\/uploads\/2021\/05\/walcowa-taras-150x150.jpeg\" alt=\"Bruk, podjazdy i inne\" \/><br \/><\/a><\/p>\n<p class=\"p1\" style=\"padding-left: 40px;\"><span class=\"s1\"><a href=\"https:\/\/spec4u.pl\/index.php\/Cennik\/\">Bruk, podjazdy i inne<\/a><\/span>\u00a0Dok\u0142adamy wszelkich stara\u0144, aby spe\u0142ni\u0107 Pa\u0144stwa wymagania, stosuj\u0105c efektywne preparaty by Pa\u0144stwa bruk wygl\u0105da\u0142 jak nowo u\u0142o\u017cony. Do usuni\u0119cia brudu, kt\u00f3ry mo\u017ce gromadzi\u0107 si\u0119 na podjazdach, tarasach itp., Stosujemy profesjonalny sprz\u0119t wysokoci\u015bnieniowy oraz adekwatne \u015brodki czysto\u015bci do ka\u017cdej nawierzchni.<br \/>Posiadamy odpowiednie urz\u0105dzenia do przywr\u00f3cenia poni\u017cszym powierzchniom ich dawnej \u015bwietno\u015bci<\/p>\n<ul>\n<li style=\"list-style-type: none;\">\n<ul>\n<li style=\"list-style-type: none;\">\n<ul class=\"ul1\">\n<li class=\"li2\"><span class=\"s2\">Patio<\/span><\/li>\n<li class=\"li2\"><span class=\"s2\">Podjazdy<\/span><\/li>\n<li class=\"li2\"><span class=\"s2\">\u015acie\u017cki<\/span><\/li>\n<li class=\"li2\"><span class=\"s2\">Kostka brukowa<\/span><\/li>\n<li class=\"li2\"><span class=\"s2\">Beton<\/span><\/li>\n<li class=\"li2\"><span class=\"s2\">Place zabaw na \u015bwie\u017cym powietrzu<\/span><\/li>\n<li class=\"li2\"><span class=\"s2\">Ceglane i kamienne mury<\/span><\/li>\n<li class=\"li2\"><span class=\"s2\">Parkingi<\/span><\/li>\n<\/ul>\n<\/li>\n<\/ul>\n<\/li>\n<\/ul>\n<p class=\"p3\" style=\"padding-left: 40px;\">Mycie i impregnacja: kostka brukowa, kostka granitowa, powierzchnie betonowe, p\u0142yty chodnikowe. Usuwanie zaciek\u00f3w, piasku, b\u0142ota, mchu i\u00a0 zanieczyszcze\u0144 olejowych oraz \u015blad\u00f3w po gumie. <br \/>Us\u0142ug\u0119 wykonujemy przy u\u017cyciu procesjonalnych urz\u0105dze\u0144: myjki wysokoci\u015bnieniowe, odkurzacze przemys\u0142owe, szorowarki dzi\u0119ki kt\u00f3rym mo\u017cliwe jest doskona\u0142e czyszczenie w najkr\u00f3tszym czasie z jednoczesn\u0105 oszcz\u0119dno\u015bci\u0105 wody i energii.Dodatkowo nasz\u0105 prace uzupe\u0142nia pe\u0142na paleta profesjonalnych \u015brodk\u00f3w czysto\u015bci z certyfikatem biodegradalno\u015bci u\u0142atwiaj\u0105cych usuni\u0119cie r\u00f3\u017cnego typu zabrudze\u0144.<\/p>\n<p style=\"padding-left: 40px;\"><a href=\"#\"><img decoding=\"async\" src=\"http:\/\/spec4u.pl\/wp-content\/uploads\/2021\/06\/IMG_8945-150x150.jpg\" alt=\"Impregnacja kostki brukowej\" \/><br \/><\/a><\/p>\n<p class=\"p1\" style=\"padding-left: 40px;\"><span class=\"s1\"><a href=\"https:\/\/spec4u.pl\/index.php\/Cennik\/\">Impregnacja kostki brukowej<\/a><\/span>\u00a0Nawierzchnie zewn\u0119trzne s\u0105 stale nara\u017cone na czynniki atmosferyczne i zabrudzenia zwi\u0105zanie z u\u017cytkowaniem. Destrukcyjne dzia\u0142anie wody na naturalnie porowaty beton mo\u017cna ograniczy\u0107 dzi\u0119ki odpowiedniej impregnacji. Na mokrej powierzchni mo\u017ce rozwin\u0105\u0107 si\u0119 flora bakteryjna, rosn\u0105\u0107 grzyby, glony oraz mchy. Zima zamarzaj\u0105ce cz\u0105steczki wody mog\u0119 uszkodzi\u0107 struktur\u0119 twardego betonu. Dlatego nawierzchni\u0119 trzeba odpowiednio zabezpieczy\u0107 impregnatem \u017ceby jak najd\u0142u\u017cej cieszy\u0107 si\u0119 nieskazitelnym wygl\u0105dem. Podjazdu czy \u015bcie\u017cki w ogrodzie. Odpowiednia impregnacja zapobiega r\u00f3wnie\u017c wch\u0142anianiu plam oraz u\u0142atwia zmywanie r\u00f3\u017cnego typu zabrudze\u0144.<\/p>\n<p style=\"padding-left: 40px;\"><a href=\"#\"><img decoding=\"async\" class=\"alignnone wp-image-2036 size-thumbnail\" src=\"http:\/\/spec4u.pl\/wp-content\/uploads\/2025\/05\/IMG_4876-1-150x150.jpg\" alt=\"\" width=\"150\" height=\"150\" \/><\/a><\/p>\n<p style=\"padding-left: 40px;\"><a href=\"https:\/\/spec4u.pl\/index.php\/Cennik\/\">Mycie dachu.<\/a> Profesjonalne czyszczenie dach\u00f3w za pomoc\u0105 myjek ci\u015bnieniowych i wysokiej jako\u015bci preparat\u00f3w. Usuwamy z powierzchni mchy, glony i inne zabrudzenia, kt\u00f3re pojawiaj\u0105 si\u0119 podczas u\u017cytkowania i wp\u0142ywaj\u0105 na estetyk\u0119 oraz stan techniczny pokrycia. Regularne czyszczenie dachu pozwala na jego lepsz\u0105 ochron\u0119. Dzi\u0119ki tej us\u0142udze od\u015bwie\u017cysz sw\u00f3j dach.\u00a0<a href=\"#\"><br \/><\/a><\/p>\n<p style=\"padding-left: 40px;\"><a href=\"#\"><img decoding=\"async\" src=\"http:\/\/spec4u.pl\/wp-content\/uploads\/2021\/07\/IMG_0245-150x150.jpg\" alt=\"Elewacje, ogrodzenia \" \/><\/a><\/p>\n<p style=\"padding-left: 40px;\"><span class=\"s1\"><a href=\"https:\/\/spec4u.pl\/index.php\/Cennik\/\">Elewacje, ogrodzenia<\/a><\/span>\u00a0Czyszczenie powierzchni tynkowych, ceglanych, klinkierowych przy u\u017cyciu myjek ci\u015bnieniowych i odpowiednich preparat\u00f3w, kt\u00f3re uporaj\u0105 si\u0119 z zabrudzeniami powstaj\u0105cymi w trakcie u\u017cytkowania jak mech, glony, kurz oraz nietypowe zabrudzenia.<br \/>Aby tynki skutecznie chroni\u0142y elewacje powinny by\u0107 regularnie konserwowane. Najwi\u0119kszym wrogiem tynk\u00f3w tradycyjnych jest woda, kt\u00f3ra wnikaj\u0105c w g\u0142\u0105b muru powoduje szkody mrozowe a wysychaj\u0105c \u2013 wykwity solne. Odpowiednia konserwacja zabezpiecza przed niepo\u017c\u0105danym dzia\u0142aniem wody, s\u0142o\u0144ca mikro organizm\u00f3w.<a href=\"#\"><br \/><img decoding=\"async\" src=\"http:\/\/spec4u.pl\/wp-content\/uploads\/2021\/10\/IMG_2539-150x150.jpg\" alt=\"Rynny \" \/><\/a><\/p>\n<p style=\"padding-left: 40px;\"><span class=\"s1\"><a href=\"https:\/\/spec4u.pl\/index.php\/Cennik\/\">Rynny<\/a><\/span>\u00a0Aby Pa\u0144stwa rynny spe\u0142nia\u0142y swe zadanie (chroni\u0142y \u015bciany zewn\u0119trzne budynku przed zalaniem i zabezpiecza\u0142y przed przedostaniem si\u0119 wilgoci do wn\u0119trza) wymagaj\u0105 regularnego czyszczenia i konserwacji. Prace na wysoko\u015bciach zazwyczaj wierz\u0105 si\u0119 z u\u017cyciem drabin i rusztowa\u0144, kt\u00f3re mog\u0105 uszkodzi\u0107 elewacj\u0119 budynku. Nasza us\u0142uga jest na tyle wyj\u0105tkowa \u017ce czyszczenie do wysoko\u015bci 12m odbywa si\u0119 bez u\u017cycia dodatkowych element\u00f3w, a efekty naszej pracy mog\u0119 Pa\u0144stwo kontrolowa\u0107 na ekranie telefonu, kt\u00f3ry jest po\u0142\u0105czony z kamer\u0105 na urz\u0105dzeniu czyszcz\u0105cym.<\/p>\n<p style=\"padding-left: 40px;\"><a href=\"#\"><br \/><img decoding=\"async\" src=\"http:\/\/spec4u.pl\/wp-content\/uploads\/2021\/05\/walcowa-fotowol-150x150.jpeg\" alt=\"Panele fotowoltaiczne \" \/><\/a><\/p>\n<p style=\"padding-left: 40px;\"><span class=\"s1\"><a href=\"https:\/\/spec4u.pl\/index.php\/Cennik\/\">Panele fotowoltaiczne<\/a><\/span>\u00a0Li\u015bcie, zalegaj\u0105cy kurz oraz inne osady pojawiaj\u0105ce si\u0119 przez pylenie ro\u015blin, kwa\u015bne deszcze, spaliny, samoloty itp os\u0142abiaj\u0105 wydajno\u015b\u0107 paneli fotowoltaicznych nawet do 15% &#8211; 20%. Aby utrzyma\u0107 ich zak\u0142adan\u0105 efektywno\u015b\u0107 niezb\u0119dna jest ich regularna konserwacja. Przynajmniej wczesn\u0105 wiosn\u0105 przed s\u0142onecznym okresem oraz przed zim\u0105 gdzie promieni s\u0142onecznych jest ma\u0142o.<span class=\"Apple-converted-space\">\u00a0 <\/span>Czyste powierzchnie gwarantuj\u0105 bezawaryjn\u0105 prac\u0119 oraz pe\u0142ne wykorzystanie ich zdolno\u015bci do poch\u0142aniania \u015bwiat\u0142a s\u0142onecznego.<\/p>\n<p style=\"padding-left: 40px;\">\u00a0<\/p>\n<p style=\"padding-left: 40px;\"><a href=\"#\"><img decoding=\"async\" src=\"http:\/\/spec4u.pl\/wp-content\/uploads\/2021\/05\/Internal-27-with-Telescopic-Pole-Action-Shot-3-150x150.jpg\" alt=\" Odkurzanie w trudno dost\u0119pnych miejscach\" \/><br \/><\/a><\/p>\n<p class=\"p1\" style=\"padding-left: 40px;\"><span class=\"s1\"><a href=\"https:\/\/spec4u.pl\/index.php\/Cennik\/\">Odkurzanie w trudno dost\u0119pnych miejscach<\/a><\/span>\u00a0Gromadz\u0105cy si\u0119 kurz i zanieczyszczenia w trudno dost\u0119pnych miejscach znacz\u0105co obni\u017caj\u0105 estetyk\u0119 budynku. Usuwanie tych zanieczyszcze\u0144 z trudno dost\u0119pnych miejsc takich jak: belki konstrukcyjne, d\u017awigary, p\u00f3\u0142ki okienne, rury; przy u\u017cyciu odpowiednich urz\u0105dze\u0144 znacz\u0105co poprawi wygl\u0105d Pa\u0144stwa budynku. Nasza us\u0142uga jest na tyle wyj\u0105tkowa \u017ce czyszczenie do wysoko\u015bci 12m odbywa si\u0119 bez u\u017cycia dodatkowych element\u00f3w, a efekty naszej pracy mog\u0119 Pa\u0144stwo kontrolowa\u0107 na ekranie telefonu, kt\u00f3ry jest po\u0142\u0105czony z kamer\u0105 na urz\u0105dzeniu czyszcz\u0105cym.<\/p>\n<p>\u00a0<\/p>\n<p>\u00a0<\/p>\n<p><!-- wp:paragraph --><\/p>\n<p><!-- \/wp:paragraph --><\/p>\t\t\t\t\t\t<\/div>\n\t\t\t\t<\/div>\n\t\t\t\t\t<\/div>\n\t\t<\/div>\n\t\t\t\t\t\t\t<\/div>\n\t\t<\/section>\n\t\t\t\t\t\t\t<\/div>\n\t\t","protected":false},"excerpt":{"rendered":"<p>Poznaj nasz\u0105 ofert\u0119 Mycie wod\u0105 demineralizowan\u0105.Krystalicznie czyste okna bez smug i zarysowa\u0144. Dzi\u0119ki zastosowaniu wody demineralizowanej twoje okna b\u0119d\u0105 czyste i b\u0142yszcz\u0105ce d\u0142u\u017cej ni\u017c po standardowym czyszczeniu. Woda demineralizowana jest pozbawiona wszelkich minera\u0142\u00f3w dzi\u0119ki czemu b\u0142yskawicznie schnie nie pozostawiaj\u0105c smug i osad\u00f3w.Zastosowanie teleskopowych rur z w\u0142\u00f3kna w\u0119glowego pozwala skutecznie czy\u015bcic powierzchnie do 15 m wysoko\u015bci [&hellip;]<\/p>\n","protected":false},"author":1,"featured_media":0,"parent":0,"menu_order":0,"comment_status":"closed","ping_status":"closed","template":"","meta":{"footnotes":""},"class_list":["post-89","page","type-page","status-publish","hentry"],"_links":{"self":[{"href":"http:\/\/spec4u.pl\/index.php\/wp-json\/wp\/v2\/pages\/89","targetHints":{"allow":["GET"]}}],"collection":[{"href":"http:\/\/spec4u.pl\/index.php\/wp-json\/wp\/v2\/pages"}],"about":[{"href":"http:\/\/spec4u.pl\/index.php\/wp-json\/wp\/v2\/types\/page"}],"author":[{"embeddable":true,"href":"http:\/\/spec4u.pl\/index.php\/wp-json\/wp\/v2\/users\/1"}],"replies":[{"embeddable":true,"href":"http:\/\/spec4u.pl\/index.php\/wp-json\/wp\/v2\/comments?post=89"}],"version-history":[{"count":166,"href":"http:\/\/spec4u.pl\/index.php\/wp-json\/wp\/v2\/pages\/89\/revisions"}],"predecessor-version":[{"id":2076,"href":"http:\/\/spec4u.pl\/index.php\/wp-json\/wp\/v2\/pages\/89\/revisions\/2076"}],"wp:attachment":[{"href":"http:\/\/spec4u.pl\/index.php\/wp-json\/wp\/v2\/media?parent=89"}],"curies":[{"name":"wp","href":"https:\/\/api.w.org\/{rel}","templated":true}]}}